{"id":127,"date":"2024-11-29T21:31:23","date_gmt":"2024-11-29T20:31:23","guid":{"rendered":"https:\/\/www.danselespapilles.fr\/wordpress\/?page_id=127"},"modified":"2024-12-03T08:14:00","modified_gmt":"2024-12-03T07:14:00","slug":"mes-partenaires","status":"publish","type":"page","link":"https:\/\/www.danselespapilles.fr\/wordpress\/index.php\/mes-partenaires\/","title":{"rendered":"Mes partenaires"},"content":{"rendered":"\n<p>Je travaille r\u00e9guli\u00e8rement avec<br><br><a href=\"http:\/\/www.satoriz.fr\/\" target=\"_blank\" rel=\"noreferrer noopener\">Satoriz<\/a> : Cha\u00eene de magasin bio<\/p>\n\n\n\n<p><a href=\"https:\/\/www.biocoop.fr\/\" target=\"_blank\" rel=\"noreferrer noopener\">Biocoop<\/a> : R\u00e9seau national de magasin bio<\/p>\n\n\n\n<p><a href=\"https:\/\/www.mangezbioisere.fr\/\" target=\"_blank\" rel=\"noreferrer noopener\">Manger bio is\u00e8re<\/a> : Coop\u00e9rative de producteurs bio bas\u00e9e \u00e0 Grenoble<\/p>\n\n\n\n<p><a href=\"https:\/\/lafermelemontcharvet.fr\/\" target=\"_blank\" rel=\"noreferrer noopener\">La ferme du Mont charvet<\/a> : Producteurs de viande bovine et porcine du nord-Is\u00e8re<\/p>\n\n\n\n<p><a href=\"https:\/\/www.facebook.com\/lafermedespierresgardees\/\" target=\"_blank\" rel=\"noreferrer noopener\">GAEC Les pierres gard\u00e9es<\/a> : Paysan boulanger bio (pain, \u0153ufs, farine)<br><br><a href=\"https:\/\/www.pisciculturepaol.com\" target=\"_blank\" rel=\"noreferrer noopener\">Marin d&rsquo;eau douce<\/a> : Pisciculteur, \u00e9leveur de truites biologiques<br><br><a href=\"https:\/\/www.bogeduforez.fr\/supplier\/44-les-vergers-de-barbieux\" target=\"_blank\" rel=\"noreferrer noopener\">Les vergers de Barbieux<\/a> : Fruits et l\u00e9gumes<br><br><a href=\"http:\/\/www.stagemydriase.fr\" target=\"_blank\" rel=\"noreferrer noopener\">Mydriase<\/a> : Association musicale is\u00e9roise qui organise des stages pendant lesquels je m&rsquo;occupe de la restauration<br><br><a href=\"https:\/\/mademoiselleplumeartisanfloral.com\/\" target=\"_blank\" rel=\"noreferrer noopener\">Mademoiselle Plume<\/a> : Artisanat floral<br><br><a href=\"https:\/\/la-toquee.fr\/\" target=\"_blank\" rel=\"noreferrer noopener\">La toqu\u00e9e<\/a> : Patissi\u00e8re bio \u00e0 La tour du Pin, (pi\u00e8ces mont\u00e9es)<\/p>\n","protected":false},"excerpt":{"rendered":"<p>Je travaille r\u00e9guli\u00e8rement avec Satoriz : Cha\u00eene de magasin bio Biocoop : R\u00e9seau national de magasin bio Manger bio is\u00e8re : Coop\u00e9rative de producteurs bio bas\u00e9e \u00e0 Grenoble La ferme du Mont charvet : Producteurs de viande bovine et porcine du nord-Is\u00e8re GAEC Les pierres gard\u00e9es : Paysan boulanger bio (pain, \u0153ufs, farine) Marin d&rsquo;eau [&hellip;]<\/p>\n","protected":false},"author":1,"featured_media":128,"parent":0,"menu_order":0,"comment_status":"closed","ping_status":"closed","template":"","meta":{"footnotes":""},"class_list":["post-127","page","type-page","status-publish","has-post-thumbnail","hentry"],"_links":{"self":[{"href":"https:\/\/www.danselespapilles.fr\/wordpress\/index.php\/wp-json\/wp\/v2\/pages\/127","targetHints":{"allow":["GET"]}}],"collection":[{"href":"https:\/\/www.danselespapilles.fr\/wordpress\/index.php\/wp-json\/wp\/v2\/pages"}],"about":[{"href":"https:\/\/www.danselespapilles.fr\/wordpress\/index.php\/wp-json\/wp\/v2\/types\/page"}],"author":[{"embeddable":true,"href":"https:\/\/www.danselespapilles.fr\/wordpress\/index.php\/wp-json\/wp\/v2\/users\/1"}],"replies":[{"embeddable":true,"href":"https:\/\/www.danselespapilles.fr\/wordpress\/index.php\/wp-json\/wp\/v2\/comments?post=127"}],"version-history":[{"count":6,"href":"https:\/\/www.danselespapilles.fr\/wordpress\/index.php\/wp-json\/wp\/v2\/pages\/127\/revisions"}],"predecessor-version":[{"id":169,"href":"https:\/\/www.danselespapilles.fr\/wordpress\/index.php\/wp-json\/wp\/v2\/pages\/127\/revisions\/169"}],"wp:featuredmedia":[{"embeddable":true,"href":"https:\/\/www.danselespapilles.fr\/wordpress\/index.php\/wp-json\/wp\/v2\/media\/128"}],"wp:attachment":[{"href":"https:\/\/www.danselespapilles.fr\/wordpress\/index.php\/wp-json\/wp\/v2\/media?parent=127"}],"curies":[{"name":"wp","href":"https:\/\/api.w.org\/{rel}","templated":true}]}}