{"id":32,"date":"2024-11-28T19:58:11","date_gmt":"2024-11-28T18:58:11","guid":{"rendered":"https:\/\/www.danselespapilles.fr\/wordpress\/?page_id=32"},"modified":"2024-12-03T07:13:20","modified_gmt":"2024-12-03T06:13:20","slug":"prestation","status":"publish","type":"page","link":"https:\/\/www.danselespapilles.fr\/wordpress\/index.php\/prestation\/","title":{"rendered":"Prestation"},"content":{"rendered":"\n<p class=\"has-text-align-left\">Vous \u00eates organisateur d\u2019\u00e9v\u00e8nements (s\u00e9minaire, stage, formation, r\u00e9sidence d\u2019artistes, r\u00e9union de famille\u2026)\u00a0sur une dur\u00e9e de 2 \u00e0 10 jours, je suis \u00e0 votre disposition tout au long de l\u2019ann\u00e9e pour confectionner vos repas avec des produits bio, frais et locaux.<br><br>J\u2019interviens pour des groupes \u00e0 partir de 20 personnes<br><br>En amont nous aurons pris le temps d\u2019\u00e9laborer ensemble les menus, en tenant compte des diff\u00e9rents r\u00e9gimes alimentaires, des boissons et autres sp\u00e9cificit\u00e9s.<br>Le fait d\u2019\u00e9changer sur vos attentes au pr\u00e9alable me permettra de vous proposer la formule qui vous conviendra le mieux.<br><br>Le lieu choisi devra \u00eatre \u00e9quip\u00e9 d\u2019une cuisine comprenant le mat\u00e9riel n\u00e9cessaire \u00e0 la confection des repas (gazini\u00e8re, four, batterie de cuisine\u2026) et au service (assiettes, couverts, verres, plats de services\u2026).<br>Si le lieu n&rsquo;est pas \u00e9quip\u00e9, je peux intervenir avec mon camion cuisine \u00e9quip\u00e9.<br><br>Pendant la dur\u00e9e de votre s\u00e9jour, je vous propose plusieurs formules\u00a0: pension compl\u00e8te ou demi-pension.<\/p>\n\n\n\n<p><strong>Les tarifs \u00e9tant variables suivant votre projet, n&rsquo;h\u00e9sitez pas \u00e0 me demander un devis d\u00e9taill\u00e9.<\/strong><br><a href=\"mailto:danselespapilles@gmail.com\">danselespapilles@gmail.com<\/a><\/p>\n","protected":false},"excerpt":{"rendered":"<p>Vous \u00eates organisateur d\u2019\u00e9v\u00e8nements (s\u00e9minaire, stage, formation, r\u00e9sidence d\u2019artistes, r\u00e9union de famille\u2026)\u00a0sur une dur\u00e9e de 2 \u00e0 10 jours, je suis \u00e0 votre disposition tout au long de l\u2019ann\u00e9e pour confectionner vos repas avec des produits bio, frais et locaux. J\u2019interviens pour des groupes \u00e0 partir de 20 personnes En amont nous aurons pris le [&hellip;]<\/p>\n","protected":false},"author":1,"featured_media":92,"parent":0,"menu_order":0,"comment_status":"closed","ping_status":"closed","template":"","meta":{"footnotes":""},"class_list":["post-32","page","type-page","status-publish","has-post-thumbnail","hentry"],"_links":{"self":[{"href":"https:\/\/www.danselespapilles.fr\/wordpress\/index.php\/wp-json\/wp\/v2\/pages\/32","targetHints":{"allow":["GET"]}}],"collection":[{"href":"https:\/\/www.danselespapilles.fr\/wordpress\/index.php\/wp-json\/wp\/v2\/pages"}],"about":[{"href":"https:\/\/www.danselespapilles.fr\/wordpress\/index.php\/wp-json\/wp\/v2\/types\/page"}],"author":[{"embeddable":true,"href":"https:\/\/www.danselespapilles.fr\/wordpress\/index.php\/wp-json\/wp\/v2\/users\/1"}],"replies":[{"embeddable":true,"href":"https:\/\/www.danselespapilles.fr\/wordpress\/index.php\/wp-json\/wp\/v2\/comments?post=32"}],"version-history":[{"count":12,"href":"https:\/\/www.danselespapilles.fr\/wordpress\/index.php\/wp-json\/wp\/v2\/pages\/32\/revisions"}],"predecessor-version":[{"id":162,"href":"https:\/\/www.danselespapilles.fr\/wordpress\/index.php\/wp-json\/wp\/v2\/pages\/32\/revisions\/162"}],"wp:featuredmedia":[{"embeddable":true,"href":"https:\/\/www.danselespapilles.fr\/wordpress\/index.php\/wp-json\/wp\/v2\/media\/92"}],"wp:attachment":[{"href":"https:\/\/www.danselespapilles.fr\/wordpress\/index.php\/wp-json\/wp\/v2\/media?parent=32"}],"curies":[{"name":"wp","href":"https:\/\/api.w.org\/{rel}","templated":true}]}}