{"id":33,"date":"2024-11-28T19:58:11","date_gmt":"2024-11-28T18:58:11","guid":{"rendered":"https:\/\/www.danselespapilles.fr\/wordpress\/?page_id=33"},"modified":"2024-12-03T07:15:15","modified_gmt":"2024-12-03T06:15:15","slug":"au-menu","status":"publish","type":"page","link":"https:\/\/www.danselespapilles.fr\/wordpress\/index.php\/au-menu\/","title":{"rendered":"Au menu"},"content":{"rendered":"\n<p>Ma d\u00e9marche est de faire du \u00ab\u00a0sur mesure\u00a0\u00bb, de r\u00e9pondre au mieux \u00e0 vos attentes, d&rsquo;\u00e9laborer les menus avec vous, en prenant en compte vos envies et vos go\u00fbts.<br>Bien s\u00fbr tout est fait \u00ab\u00a0a mano\u00a0\u00bb, avec des produits frais et de saison, locaux et bio.<br><\/p>\n\n\n\n<p><strong>Pour vous mettre l&rsquo;eau \u00e0 la bouche, voici quelques id\u00e9es de plats.<\/strong><\/p>\n\n\n\n<p>Velout\u00e9 de poireau et lait d&rsquo;avoine<br> Soupe miso<br> Salade coleslaw raisin-coco<br> Feuillet\u00e9 aux l\u00e9gumes et feta.<\/p>\n\n\n\n<div class=\"wp-block-columns is-layout-flex wp-container-core-columns-is-layout-1 wp-block-columns-is-layout-flex\">\n<div class=\"wp-block-column is-layout-flow wp-block-column-is-layout-flow\" style=\"flex-basis:100%\">\n<p class=\"has-text-align-left\">                Carbonade de b\u0153uf \u00e0 la bi\u00e8re brune, pomme de terre au four<br>                Tajine de poulet aux citrons confits, riz parfum\u00e9 aux \u00e9pices<br>                Wok de l\u00e9gumes, tofu coco et nouilles saut\u00e9es<br>                Blanquette de seitan aux champignons et gratin de patate douce<\/p>\n<\/div>\n<\/div>\n\n\n\n<p class=\"has-text-align-left\">Tartelette au citron et coulis framboise<br> Panna cotta, sauce caramel beurre sal\u00e9<br> Brownie chocolat, fruits secs et cr\u00e8me anglaise<br> Entremet chocolat \/ fruits rouges<\/p>\n\n\n\n<p><\/p>\n","protected":false},"excerpt":{"rendered":"<p>Ma d\u00e9marche est de faire du \u00ab\u00a0sur mesure\u00a0\u00bb, de r\u00e9pondre au mieux \u00e0 vos attentes, d&rsquo;\u00e9laborer les menus avec vous, en prenant en compte vos envies et vos go\u00fbts.Bien s\u00fbr tout est fait \u00ab\u00a0a mano\u00a0\u00bb, avec des produits frais et de saison, locaux et bio. Pour vous mettre l&rsquo;eau \u00e0 la bouche, voici quelques id\u00e9es [&hellip;]<\/p>\n","protected":false},"author":1,"featured_media":83,"parent":0,"menu_order":0,"comment_status":"closed","ping_status":"closed","template":"","meta":{"footnotes":""},"class_list":["post-33","page","type-page","status-publish","has-post-thumbnail","hentry"],"_links":{"self":[{"href":"https:\/\/www.danselespapilles.fr\/wordpress\/index.php\/wp-json\/wp\/v2\/pages\/33","targetHints":{"allow":["GET"]}}],"collection":[{"href":"https:\/\/www.danselespapilles.fr\/wordpress\/index.php\/wp-json\/wp\/v2\/pages"}],"about":[{"href":"https:\/\/www.danselespapilles.fr\/wordpress\/index.php\/wp-json\/wp\/v2\/types\/page"}],"author":[{"embeddable":true,"href":"https:\/\/www.danselespapilles.fr\/wordpress\/index.php\/wp-json\/wp\/v2\/users\/1"}],"replies":[{"embeddable":true,"href":"https:\/\/www.danselespapilles.fr\/wordpress\/index.php\/wp-json\/wp\/v2\/comments?post=33"}],"version-history":[{"count":6,"href":"https:\/\/www.danselespapilles.fr\/wordpress\/index.php\/wp-json\/wp\/v2\/pages\/33\/revisions"}],"predecessor-version":[{"id":164,"href":"https:\/\/www.danselespapilles.fr\/wordpress\/index.php\/wp-json\/wp\/v2\/pages\/33\/revisions\/164"}],"wp:featuredmedia":[{"embeddable":true,"href":"https:\/\/www.danselespapilles.fr\/wordpress\/index.php\/wp-json\/wp\/v2\/media\/83"}],"wp:attachment":[{"href":"https:\/\/www.danselespapilles.fr\/wordpress\/index.php\/wp-json\/wp\/v2\/media?parent=33"}],"curies":[{"name":"wp","href":"https:\/\/api.w.org\/{rel}","templated":true}]}}