{"id":34,"date":"2024-11-28T19:58:11","date_gmt":"2024-11-28T18:58:11","guid":{"rendered":"https:\/\/www.danselespapilles.fr\/wordpress\/?page_id=34"},"modified":"2024-11-30T12:41:41","modified_gmt":"2024-11-30T11:41:41","slug":"mariage","status":"publish","type":"page","link":"https:\/\/www.danselespapilles.fr\/wordpress\/index.php\/mariage\/","title":{"rendered":"Mariage"},"content":{"rendered":"\n<p>Pour que votre mariage soit un \u00e9v\u00e8nement unique, je vous propose, de l&rsquo;ap\u00e9ritif au dessert, un menu sur mesure en fonctions de vos envies.<br><br>J&rsquo;aime rencontrer les futurs mari\u00e9s pour un moment d&rsquo;\u00e9change, o\u00f9 nous pourrons \u00e9laborer ensemble le menu.<br><br>Tous les plats seront r\u00e9alis\u00e9s dans mon atelier puis livr\u00e9s sur le lieu de r\u00e9ception.<br><br>Pour les boissons je vous propose des cocktails maisons, pour le vin je vous laisse choisir votre fournisseur (sans droit de bouchon)<br><br>Le lieu de r\u00e9ception devra \u00eatre \u00e9quip\u00e9 d&rsquo;un espace traiteur avec four ou \u00e9tuve, frigo\u2026<br>Si ce n&rsquo;est pas le cas, je me d\u00e9place avec mon camion-cuisine.<br><br>Je n&rsquo;ai pas de vaisselle de table, mais je peux vous mettre en contact avec des loueurs de vaisselles.<\/p>\n\n\n\n<p><strong>Les tarifs \u00e9tant variables suivant votre projet, n&rsquo;h\u00e9sitez pas \u00e0 me demander un devis d\u00e9taill\u00e9.<\/strong><br><a href=\"mailto:danselespapilles@gmail.com\">danselespapilles@gmail.com<\/a><\/p>\n","protected":false},"excerpt":{"rendered":"<p>Pour que votre mariage soit un \u00e9v\u00e8nement unique, je vous propose, de l&rsquo;ap\u00e9ritif au dessert, un menu sur mesure en fonctions de vos envies. J&rsquo;aime rencontrer les futurs mari\u00e9s pour un moment d&rsquo;\u00e9change, o\u00f9 nous pourrons \u00e9laborer ensemble le menu. Tous les plats seront r\u00e9alis\u00e9s dans mon atelier puis livr\u00e9s sur le lieu de r\u00e9ception. [&hellip;]<\/p>\n","protected":false},"author":1,"featured_media":84,"parent":0,"menu_order":0,"comment_status":"closed","ping_status":"closed","template":"","meta":{"footnotes":""},"class_list":["post-34","page","type-page","status-publish","has-post-thumbnail","hentry"],"_links":{"self":[{"href":"https:\/\/www.danselespapilles.fr\/wordpress\/index.php\/wp-json\/wp\/v2\/pages\/34","targetHints":{"allow":["GET"]}}],"collection":[{"href":"https:\/\/www.danselespapilles.fr\/wordpress\/index.php\/wp-json\/wp\/v2\/pages"}],"about":[{"href":"https:\/\/www.danselespapilles.fr\/wordpress\/index.php\/wp-json\/wp\/v2\/types\/page"}],"author":[{"embeddable":true,"href":"https:\/\/www.danselespapilles.fr\/wordpress\/index.php\/wp-json\/wp\/v2\/users\/1"}],"replies":[{"embeddable":true,"href":"https:\/\/www.danselespapilles.fr\/wordpress\/index.php\/wp-json\/wp\/v2\/comments?post=34"}],"version-history":[{"count":4,"href":"https:\/\/www.danselespapilles.fr\/wordpress\/index.php\/wp-json\/wp\/v2\/pages\/34\/revisions"}],"predecessor-version":[{"id":155,"href":"https:\/\/www.danselespapilles.fr\/wordpress\/index.php\/wp-json\/wp\/v2\/pages\/34\/revisions\/155"}],"wp:featuredmedia":[{"embeddable":true,"href":"https:\/\/www.danselespapilles.fr\/wordpress\/index.php\/wp-json\/wp\/v2\/media\/84"}],"wp:attachment":[{"href":"https:\/\/www.danselespapilles.fr\/wordpress\/index.php\/wp-json\/wp\/v2\/media?parent=34"}],"curies":[{"name":"wp","href":"https:\/\/api.w.org\/{rel}","templated":true}]}}